{"id":210,"date":"2025-06-24T17:10:35","date_gmt":"2025-06-24T15:10:35","guid":{"rendered":"https:\/\/www.haustauber.com\/?page_id=210"},"modified":"2025-07-21T15:34:08","modified_gmt":"2025-07-21T13:34:08","slug":"editoriale","status":"publish","type":"page","link":"https:\/\/www.haustauber.com\/it\/editoriale\/","title":{"rendered":"Editoriale"},"content":{"rendered":"<h4>Committente &amp; proprietario<\/h4>\n<p>Haus Tauber Apartments<br \/>\nVia Raffein 4<br \/>\n39010 Cermes (BZ)<br \/>\nT +39 338 868 2102<br \/>\n<a href=\"mailto:i&#110;&#102;&#111;&#64;hau&#115;&#116;a&#117;&#98;&#101;r.com\">&#105;&#110;fo&#64;haus&#116;a&#117;b&#101;&#114;.&#99;o&#109;<\/a><\/p>\n<p>MwSt-Nr. 03286240217<br \/>\nCIN: IT021020B448OT6GTT<\/p>\n<h4>Design, Programmazione &amp; CMS<\/h4>\n<p>ps-design<br \/>\nd. Pircher Stefan<br \/>\nVia Monte Luco 24<br \/>\nI-39011 Lana (BZ)<br \/>\nM +39 333 3914367<br \/>\n<a href=\"mailto:i&#110;fo&#64;ps&#45;de&#115;&#105;&#103;n&#46;&#105;&#116;\">in&#102;&#111;&#64;&#112;&#115;-&#100;esi&#103;&#110;&#46;it<\/a><\/p>\n<h4>Foto e fonti delle immagini<\/h4>\n<p>Haus Tauber Apartments, <a href=\"\/\/www.dunkel-bunt.com\" target=\"_blank\" rel=\"noopener\">Dunkel.bunt &#8211; Tina Kofler<\/a>, Schloss Trauttmansdorff: IDM S\u00fcdtirol-Alto Adige\/Alex Filz, \u00d6tzi: S\u00fcdtiroler Arch\u00e4ologiemuseum\/foto-dpi.com, Therme Meran: IDM S\u00fcdtirol-Alto Adige\/Frieder Blickle, Moutainbike: IDM S\u00fcdtirol-Alto Adige\/Matt Cherubino, Seilbahn Vigiljoch: Vigiljoch GmbH, Meran2000: Meran 2000 Bergbahnen AG (Tobias Kaser).<\/p>\n<h4>Indicazioni &amp; avviso di responsabilit\u00e0<\/h4>\n<p>Tutte le dichiarazioni e i contenuti di questo sito sono stati controllati con cura. Ci\u00f2 nonostante non viene assunta alcuna responsabilit\u00e1 per la garanzia, la correttezza, la completezza e l\u2019aggiornamento dei dati. Haus Tauber Apartments non \u00e9 responsabile per i contenuti del sito che si riferiscono ai collegamenti ipertestuali. Questo vale anche per per gli altri siti internet. Ci riserviamo il diritto, di modificare, aggiornare o aggiungere informazioni ai dati e alle informazioni messi a disposizione.<\/p>\n<h4>Risoluzione delle controversie nell&#8217;UE<\/h4>\n<p>La Commissione europea fornisce una <a href=\"\/\/ec.europa.eu\/consumers\/odr\" target=\"_blank\" rel=\"noopener\">piattaforma per la risoluzione delle controversie online<\/a> (OS).<\/p>\n<h4>Copyright<\/h4>\n<p>Concetto, struttura e contenuti di questo sito internet sono protetti dai diritti d\u2019autore. La riproduzione di informazioni o dati, in particolare l\u2019utilizzo di testi, parte di testi o materiale fotografico richiede il consenso preventivo da parte di Haus Tauber Apartments.<\/p>\n<h4>CMS-System<\/h4>\n<p>powered by <a href=\"\/\/it.wordpress.org\" target=\"_blank\" rel=\"noopener noreferrer\">WordPress<\/a><\/p>\n","protected":false},"excerpt":{"rendered":"<p>Committente &amp; proprietario Haus Tauber Apartments Via Raffein 4 39010 Cermes (BZ) T +39 338 868 2102 MwSt-Nr. 03286240217 CIN: IT021020B448OT6GTT Design, Programmazione &amp; CMS ps-design d. Pircher Stefan Via Monte Luco 24 I-39011 Lana (BZ) M +39 333 3914367 Foto e fonti delle immagini Haus Tauber Apartments, Dunkel.bunt &#8211; Tina Kofler, Schloss Trauttmansdorff: IDM [&hellip;]<\/p>\n","protected":false},"author":1,"featured_media":216,"parent":0,"menu_order":80,"comment_status":"closed","ping_status":"closed","template":"","meta":{"footnotes":""},"class_list":["post-210","page","type-page","status-publish","has-post-thumbnail","hentry"],"_links":{"self":[{"href":"https:\/\/www.haustauber.com\/it\/wp-json\/wp\/v2\/pages\/210","targetHints":{"allow":["GET"]}}],"collection":[{"href":"https:\/\/www.haustauber.com\/it\/wp-json\/wp\/v2\/pages"}],"about":[{"href":"https:\/\/www.haustauber.com\/it\/wp-json\/wp\/v2\/types\/page"}],"author":[{"embeddable":true,"href":"https:\/\/www.haustauber.com\/it\/wp-json\/wp\/v2\/users\/1"}],"replies":[{"embeddable":true,"href":"https:\/\/www.haustauber.com\/it\/wp-json\/wp\/v2\/comments?post=210"}],"version-history":[{"count":0,"href":"https:\/\/www.haustauber.com\/it\/wp-json\/wp\/v2\/pages\/210\/revisions"}],"wp:featuredmedia":[{"embeddable":true,"href":"https:\/\/www.haustauber.com\/it\/wp-json\/wp\/v2\/media\/216"}],"wp:attachment":[{"href":"https:\/\/www.haustauber.com\/it\/wp-json\/wp\/v2\/media?parent=210"}],"curies":[{"name":"wp","href":"https:\/\/api.w.org\/{rel}","templated":true}]}}